{"id":88194,"date":"2025-04-15T15:12:00","date_gmt":"2025-04-15T15:12:00","guid":{"rendered":"http:\/\/newURL.ir\/?page_id=88194"},"modified":"2025-11-18T07:09:06","modified_gmt":"2025-11-18T07:09:06","slug":"about-us","status":"publish","type":"page","link":"https:\/\/sarvin.global\/Sarvin\/about-us\/","title":{"rendered":"About Us"},"content":{"rendered":"\t\t<div data-elementor-type=\"wp-page\" data-elementor-id=\"88194\" class=\"elementor elementor-88194\" data-elementor-post-type=\"page\">\n\t\t\t\t<div class=\"elementor-element elementor-element-afeca54 e-con-full e-flex e-con e-parent\" data-id=\"afeca54\" data-element_type=\"container\" data-settings=\"{&quot;background_background&quot;:&quot;classic&quot;}\">\n\t\t\t\t<div class=\"elementor-element elementor-element-af63ca3 elementor-widget elementor-widget-spacer\" data-id=\"af63ca3\" data-element_type=\"widget\" data-widget_type=\"spacer.default\">\n\t\t\t\t<div class=\"elementor-widget-container\">\n\t\t\t\t\t\t\t<div class=\"elementor-spacer\">\n\t\t\t<div class=\"elementor-spacer-inner\"><\/div>\n\t\t<\/div>\n\t\t\t\t\t\t<\/div>\n\t\t\t\t<\/div>\n\t\t\t\t<\/div>\n\t\t<div class=\"elementor-element elementor-element-61ec2fa e-flex e-con-boxed e-con e-parent\" data-id=\"61ec2fa\" data-element_type=\"container\">\n\t\t\t\t\t<div class=\"e-con-inner\">\n\t\t\t\t<div class=\"elementor-element elementor-element-2737d6f elementor-widget elementor-widget-image\" data-id=\"2737d6f\" data-element_type=\"widget\" data-widget_type=\"image.default\">\n\t\t\t\t<div class=\"elementor-widget-container\">\n\t\t\t\t\t\t\t\t\t\t\t\t\t\t\t<img decoding=\"async\" src=\"https:\/\/sarvin.global\/Sarvin\/wp-content\/uploads\/elementor\/thumbs\/line-r91jucs0vd4tyrtf47wrv6zifu0qfmtlg5vilifso8.png\" title=\"line\" alt=\"line\" loading=\"lazy\" \/>\t\t\t\t\t\t\t\t\t\t\t\t\t\t\t<\/div>\n\t\t\t\t<\/div>\n\t\t\t\t\t<\/div>\n\t\t\t\t<\/div>\n\t\t<div class=\"elementor-element elementor-element-b5b3b9a e-flex e-con-boxed e-con e-parent\" data-id=\"b5b3b9a\" data-element_type=\"container\">\n\t\t\t\t\t<div class=\"e-con-inner\">\n\t\t<div class=\"elementor-element elementor-element-8caa75b e-con-full e-flex e-con e-child\" data-id=\"8caa75b\" data-element_type=\"container\">\n\t\t\t\t<div class=\"elementor-element elementor-element-c652b62 elementor-widget elementor-widget-image\" data-id=\"c652b62\" data-element_type=\"widget\" data-widget_type=\"image.default\">\n\t\t\t\t<div class=\"elementor-widget-container\">\n\t\t\t\t\t\t\t\t\t\t\t\t\t\t\t<img fetchpriority=\"high\" decoding=\"async\" width=\"777\" height=\"637\" src=\"https:\/\/sarvin.global\/Sarvin\/wp-content\/uploads\/2025\/07\/about.png\" class=\"attachment-large size-large wp-image-88936\" alt=\"\" srcset=\"https:\/\/sarvin.global\/Sarvin\/wp-content\/uploads\/2025\/07\/about.png 777w, https:\/\/sarvin.global\/Sarvin\/wp-content\/uploads\/2025\/07\/about-300x246.png 300w, https:\/\/sarvin.global\/Sarvin\/wp-content\/uploads\/2025\/07\/about-768x630.png 768w\" sizes=\"(max-width: 777px) 100vw, 777px\" \/>\t\t\t\t\t\t\t\t\t\t\t\t\t\t\t<\/div>\n\t\t\t\t<\/div>\n\t\t\t\t<\/div>\n\t\t<div class=\"elementor-element elementor-element-6a8b84a e-con-full e-flex e-con e-child\" data-id=\"6a8b84a\" data-element_type=\"container\">\n\t\t\t\t<div class=\"elementor-element elementor-element-6a96b8e elementor-widget elementor-widget-text-editor\" data-id=\"6a96b8e\" data-element_type=\"widget\" data-widget_type=\"text-editor.default\">\n\t\t\t\t<div class=\"elementor-widget-container\">\n\t\t\t\t\t\t\t\t\t<p>Sarvin Holding is an international group of companies and workshops specializing in the design and construction of exhibition stands, operating in the UAE, Turkey, Germany and Canada.<\/p>\t\t\t\t\t\t\t\t<\/div>\n\t\t\t\t<\/div>\n\t\t\t\t<\/div>\n\t\t\t\t\t<\/div>\n\t\t\t\t<\/div>\n\t\t<div class=\"elementor-element elementor-element-616c726 e-flex e-con-boxed e-con e-parent\" data-id=\"616c726\" data-element_type=\"container\">\n\t\t\t\t\t<div class=\"e-con-inner\">\n\t\t<div class=\"elementor-element elementor-element-05b06e5 e-con-full e-flex e-con e-child\" data-id=\"05b06e5\" data-element_type=\"container\">\n\t\t\t\t<div class=\"elementor-element elementor-element-59e8488 elementor-widget elementor-widget-text-editor\" data-id=\"59e8488\" data-element_type=\"widget\" data-widget_type=\"text-editor.default\">\n\t\t\t\t<div class=\"elementor-widget-container\">\n\t\t\t\t\t\t\t\t\t<h5>In addition to the head office, Sarwin marketing offices are also active in East Asia and the UK.<br \/>In 2026, Sarwin\u2019s new branch in the United States will be launched. Details and news about this expansion will be announced on our website, Instagram and LinkedIn.<\/h5><h5>We proudly invite you to visit Sarwin\u2019s offices and workshops in Dubai, Istanbul and Hanover and get to know our facilities, design and construction quality first-hand. You can also see examples of projects implemented in international exhibitions in Europe (especially Germany), Arab countries (especially the UAE and Saudi Arabia), Asia (India, China) and Turkey on our official pages on social networks. Our quality certificate is receiving awards for the best exhibition stands at various international events, which can be viewed through the following link:<\/h5><h3 class=\"elementor-heading-title elementor-size-default\"><a href=\"https:\/\/sarvin.global\/Sarvin\/sarvins-honors\/\">Sarvin\u2019s Honors<\/a><\/h3><div class=\"elementor elementor-89103\" data-elementor-type=\"wp-post\" data-elementor-id=\"89103\" data-elementor-post-type=\"post\"><div class=\"elementor-element elementor-element-5acfae7e e-flex e-con-boxed e-con e-parent e-lazyloaded\" data-id=\"5acfae7e\" data-element_type=\"container\"><div class=\"e-con-inner\"><div class=\"elementor-element elementor-element-1b008c05 elementor-widget elementor-widget-text-editor\" data-id=\"1b008c05\" data-element_type=\"widget\" data-widget_type=\"text-editor.default\"><h5 class=\"elementor-widget-container\">Beyond booth design and construction, Sarvin covers all stages of your presence at the exhibition. From booth reservations and VIP services to airport and daily transfers, providing local personnel for translation and booth services, as well as designing and printing the promotional items you need.<\/h5><\/div><\/div><\/div><\/div><h5>With Sarvin, you can experience the highest return on your presence at the exhibition without worries and focusing on your business goals.<\/h5><h5>Your shine in international exhibitions and in global markets make us brilliant And both sides will achieve success and glory together.<\/h5><h5>For more information or a dedicated consultation, contact us.<\/h5>\t\t\t\t\t\t\t\t<\/div>\n\t\t\t\t<\/div>\n\t\t\t\t<\/div>\n\t\t\t\t\t<\/div>\n\t\t\t\t<\/div>\n\t\t<div class=\"elementor-element elementor-element-8d053f6 e-flex e-con-boxed e-con e-parent\" data-id=\"8d053f6\" data-element_type=\"container\">\n\t\t\t\t\t<div class=\"e-con-inner\">\n\t\t<div class=\"elementor-element elementor-element-49dcf85 e-con-full e-flex e-con e-child\" data-id=\"49dcf85\" data-element_type=\"container\" data-settings=\"{&quot;background_background&quot;:&quot;classic&quot;}\">\n\t\t\t\t<div class=\"elementor-element elementor-element-b22fb2b elementor-widget elementor-widget-text-editor\" data-id=\"b22fb2b\" data-element_type=\"widget\" data-widget_type=\"text-editor.default\">\n\t\t\t\t<div class=\"elementor-widget-container\">\n\t\t\t\t\t\t\t\t\t<div class=\"elementor-element elementor-element-ddea772 elementor-widget elementor-widget-heading\" data-id=\"ddea772\" data-element_type=\"widget\" data-widget_type=\"heading.default\"><div class=\"elementor-widget-container\"><p>We are proud to announce that our latest valuable achievement is receiving the award for the best booth design and construction among 900 companies at the PLASTPOL 2025 exhibition.<\/p><p>We invite you to visit our website and Instagram, Join us .<\/p><p>230-0, 59street, Dubai investment park first- dubai- UAEEmirates.<\/p><p>\u00c7oban\u00e7e\u015fme Mahallesi Gune\u015fli 1,Sokok No:4Kat: 1 Baha\u00e7elieveler\/istanbol\/Turkey<\/p><p>Hannoversche str,47c.Langenhagen Hannover-30855\/Germany<\/p><\/div><\/div><div class=\"elementor-element elementor-element-ddea772 elementor-widget elementor-widget-heading\" data-id=\"ddea772\" data-element_type=\"widget\" data-widget_type=\"heading.default\">\u00a0<\/div>\t\t\t\t\t\t\t\t<\/div>\n\t\t\t\t<\/div>\n\t\t\t\t<\/div>\n\t\t<div class=\"elementor-element elementor-element-c9698a1 e-con-full e-flex e-con e-child\" data-id=\"c9698a1\" data-element_type=\"container\" data-settings=\"{&quot;background_background&quot;:&quot;classic&quot;}\">\n\t\t\t\t<\/div>\n\t\t<div class=\"elementor-element elementor-element-6404dfc e-con-full e-flex e-con e-child\" data-id=\"6404dfc\" data-element_type=\"container\">\n\t\t\t\t<div class=\"elementor-element elementor-element-996708c elementor-widget elementor-widget-image\" data-id=\"996708c\" data-element_type=\"widget\" data-widget_type=\"image.default\">\n\t\t\t\t<div class=\"elementor-widget-container\">\n\t\t\t\t\t\t\t\t\t\t\t\t\t\t\t<img decoding=\"async\" src=\"https:\/\/sarvin.global\/Sarvin\/wp-content\/uploads\/elementor\/thumbs\/sarvin.agency_1690470193_3156215204605679846_50691258709-r4dxdkwrw8t4n49y245zcbtz5uayy64h65skgqu6cg.jpg\" title=\"sarvin.agency_1690470193_3156215204605679846_50691258709\" alt=\"sarvin.agency_1690470193_3156215204605679846_50691258709\" loading=\"lazy\" \/>\t\t\t\t\t\t\t\t\t\t\t\t\t\t\t<\/div>\n\t\t\t\t<\/div>\n\t\t\t\t<\/div>\n\t\t\t\t\t<\/div>\n\t\t\t\t<\/div>\n\t\t\t\t<\/div>\n\t\t","protected":false},"excerpt":{"rendered":"<p>Sarvin Holding is an international group of companies and workshops specializing in the design and construction of exhibition stands, operating in the UAE, Turkey, Germany and Canada. In addition to the head office, Sarwin marketing offices are also active in East Asia and the UK.In 2026, Sarwin\u2019s new branch in the United States will be&hellip;<\/p>\n","protected":false},"author":3,"featured_media":0,"parent":0,"menu_order":0,"comment_status":"closed","ping_status":"closed","template":"","meta":{"_monsterinsights_skip_tracking":false,"_monsterinsights_sitenote_active":false,"_monsterinsights_sitenote_note":"","_monsterinsights_sitenote_category":0,"footnotes":""},"class_list":["post-88194","page","type-page","status-publish","hentry"],"_links":{"self":[{"href":"https:\/\/sarvin.global\/Sarvin\/wp-json\/wp\/v2\/pages\/88194","targetHints":{"allow":["GET"]}}],"collection":[{"href":"https:\/\/sarvin.global\/Sarvin\/wp-json\/wp\/v2\/pages"}],"about":[{"href":"https:\/\/sarvin.global\/Sarvin\/wp-json\/wp\/v2\/types\/page"}],"author":[{"embeddable":true,"href":"https:\/\/sarvin.global\/Sarvin\/wp-json\/wp\/v2\/users\/3"}],"replies":[{"embeddable":true,"href":"https:\/\/sarvin.global\/Sarvin\/wp-json\/wp\/v2\/comments?post=88194"}],"version-history":[{"count":179,"href":"https:\/\/sarvin.global\/Sarvin\/wp-json\/wp\/v2\/pages\/88194\/revisions"}],"predecessor-version":[{"id":90064,"href":"https:\/\/sarvin.global\/Sarvin\/wp-json\/wp\/v2\/pages\/88194\/revisions\/90064"}],"wp:attachment":[{"href":"https:\/\/sarvin.global\/Sarvin\/wp-json\/wp\/v2\/media?parent=88194"}],"curies":[{"name":"wp","href":"https:\/\/api.w.org\/{rel}","templated":true}]}}